{"id":1537,"date":"2021-04-02T16:43:56","date_gmt":"2021-04-02T14:43:56","guid":{"rendered":"http:\/\/localhost\/asso\/?page_id=7"},"modified":"2025-12-23T14:54:01","modified_gmt":"2025-12-23T13:54:01","slug":"contact-2","status":"publish","type":"page","link":"https:\/\/asdesgreensdeugenie.fr\/index.php\/contact-2\/","title":{"rendered":"Contacts"},"content":{"rendered":"\n<div class=\"wp-block-group\"><div class=\"wp-block-group__inner-container is-layout-flow wp-block-group-is-layout-flow\">\n<div class=\"wp-block-columns is-layout-flex wp-container-core-columns-is-layout-28f84493 wp-block-columns-is-layout-flex\">\n<div class=\"wp-block-column is-layout-flow wp-block-column-is-layout-flow\" style=\"flex-basis:100%\">\n<p class=\"has-text-align-center\" style=\"font-size:28px\">Association Sportive des Greens d&rsquo;Eug\u00e9nie,<br>687 route d&rsquo;Eug\u00e9nie<br>40320 Bahus Soubiran &#8211; France<\/p>\n<\/div>\n<\/div>\n<\/div><\/div>\n\n\n\n<p class=\"has-text-align-center\"><strong>CONTACTS<\/strong> : <a href=\"mailto:contact.asdesgreensdeugenie@gmail.com\">contact.asdesgreensdeugenie@gmail.com<\/a><\/p>\n\n\n\n<div class=\"wp-block-buttons is-layout-flex wp-block-buttons-is-layout-flex\"><\/div>\n\n\n\n<p class=\"has-text-align-center has-background has-medium-font-size\" style=\"background-color:#cde3f6\"><strong>LE COMITE DIRECTEUR<\/strong><\/p>\n\n\n\n<p class=\"has-text-align-left\"><strong>Pr\u00e9sident<\/strong> : David Pirot &#8211; <a href=\"mailto:president@asdesgreensdeugenie.fr\">president.asdesgreensdeugenie@gmail.com<\/a><\/p>\n\n\n\n<p><strong>Secr\u00e9taire<\/strong> : Lionel Borowicz &#8211; <\/p>\n\n\n\n<p><strong>Tr\u00e9sorier<\/strong> : Yann Arqu\u00e9s &#8211; <\/p>\n\n\n\n<p class=\"has-text-align-left\"><strong>Responsable de la Commission Sportive<\/strong> : Thibault Lebigre<\/p>\n\n\n\n<p class=\"has-text-align-left\"><strong>Responsable de l&rsquo; \u00e9cole de Golf <\/strong>:  Fabrice Lamothe  &#8211; <a href=\"michel.lamothe40@gmail.com\">michel.lamothe40@gmail.com<\/a><\/p>\n\n\n\n<p class=\"has-text-align-left\"><strong>Responsables Seniors<\/strong> \/ <strong>Quadrangulaire<\/strong> : Mich\u00e8le Theux  \/ Jean Paul Lalanne \/ Pascal Bernard<\/p>\n\n\n\n<p class=\"has-text-align-right\"><\/p>\n\n\n\n<p><\/p>\n","protected":false},"excerpt":{"rendered":"<p>Association Sportive des Greens d&rsquo;Eug\u00e9nie,687 route d&rsquo;Eug\u00e9nie40320 Bahus Soubiran &#8211; France CONTACTS : contact.asdesgreensdeugenie@gmail.com LE COMITE DIRECTEUR Pr\u00e9sident : David Pirot &#8211; president.asdesgreensdeugenie@gmail.com Secr\u00e9taire : Lionel Borowicz &#8211; Tr\u00e9sorier : Yann Arqu\u00e9s &#8211; Responsable de la Commission Sportive : Thibault Lebigre Responsable de l&rsquo; \u00e9cole de Golf : Fabrice Lamothe [&hellip;]<\/p>\n","protected":false},"author":3,"featured_media":2121,"parent":0,"menu_order":0,"comment_status":"closed","ping_status":"closed","template":"","meta":{"footnotes":""},"class_list":["post-1537","page","type-page","status-publish","has-post-thumbnail","hentry"],"_links":{"self":[{"href":"https:\/\/asdesgreensdeugenie.fr\/index.php\/wp-json\/wp\/v2\/pages\/1537","targetHints":{"allow":["GET"]}}],"collection":[{"href":"https:\/\/asdesgreensdeugenie.fr\/index.php\/wp-json\/wp\/v2\/pages"}],"about":[{"href":"https:\/\/asdesgreensdeugenie.fr\/index.php\/wp-json\/wp\/v2\/types\/page"}],"author":[{"embeddable":true,"href":"https:\/\/asdesgreensdeugenie.fr\/index.php\/wp-json\/wp\/v2\/users\/3"}],"replies":[{"embeddable":true,"href":"https:\/\/asdesgreensdeugenie.fr\/index.php\/wp-json\/wp\/v2\/comments?post=1537"}],"version-history":[{"count":4,"href":"https:\/\/asdesgreensdeugenie.fr\/index.php\/wp-json\/wp\/v2\/pages\/1537\/revisions"}],"predecessor-version":[{"id":3074,"href":"https:\/\/asdesgreensdeugenie.fr\/index.php\/wp-json\/wp\/v2\/pages\/1537\/revisions\/3074"}],"wp:featuredmedia":[{"embeddable":true,"href":"https:\/\/asdesgreensdeugenie.fr\/index.php\/wp-json\/wp\/v2\/media\/2121"}],"wp:attachment":[{"href":"https:\/\/asdesgreensdeugenie.fr\/index.php\/wp-json\/wp\/v2\/media?parent=1537"}],"curies":[{"name":"wp","href":"https:\/\/api.w.org\/{rel}","templated":true}]}}