{"id":1538,"date":"2021-04-02T16:48:55","date_gmt":"2021-04-02T14:48:55","guid":{"rendered":"http:\/\/localhost\/asso\/?page_id=26"},"modified":"2025-12-23T15:18:58","modified_gmt":"2025-12-23T14:18:58","slug":"le-bureau","status":"publish","type":"page","link":"https:\/\/asdesgreensdeugenie.fr\/index.php\/le-bureau\/","title":{"rendered":"&#8211; Le Comit\u00e9 Directeur &#8211;"},"content":{"rendered":"\n<p class=\"has-text-align-left has-black-color has-text-color has-link-color has-large-font-size wp-elements-d20ba31b5a97b5524950199f89fb34af\"><strong>Le Pr\u00e9sident<\/strong><\/p>\n\n\n\n<div class=\"wp-block-media-text alignwide is-stacked-on-mobile\" style=\"grid-template-columns:21% auto\"><figure class=\"wp-block-media-text__media\"><img loading=\"lazy\" decoding=\"async\" width=\"693\" height=\"1024\" src=\"https:\/\/asdesgreensdeugenie.fr\/wp-content\/uploads\/2025\/12\/IMG_20251222_173627_edit_449501124287643-2-693x1024.jpg\" alt=\"\" class=\"wp-image-3039 size-full\" srcset=\"https:\/\/asdesgreensdeugenie.fr\/wp-content\/uploads\/2025\/12\/IMG_20251222_173627_edit_449501124287643-2-693x1024.jpg 693w, https:\/\/asdesgreensdeugenie.fr\/wp-content\/uploads\/2025\/12\/IMG_20251222_173627_edit_449501124287643-2-203x300.jpg 203w, https:\/\/asdesgreensdeugenie.fr\/wp-content\/uploads\/2025\/12\/IMG_20251222_173627_edit_449501124287643-2-768x1135.jpg 768w, https:\/\/asdesgreensdeugenie.fr\/wp-content\/uploads\/2025\/12\/IMG_20251222_173627_edit_449501124287643-2-1040x1536.jpg 1040w, https:\/\/asdesgreensdeugenie.fr\/wp-content\/uploads\/2025\/12\/IMG_20251222_173627_edit_449501124287643-2-1386x2048.jpg 1386w, https:\/\/asdesgreensdeugenie.fr\/wp-content\/uploads\/2025\/12\/IMG_20251222_173627_edit_449501124287643-2-scaled.jpg 1733w\" sizes=\"auto, (max-width: 693px) 100vw, 693px\" \/><\/figure><div class=\"wp-block-media-text__content\">\n<p class=\"has-large-font-size\">David Pirot<\/p>\n<\/div><\/div>\n\n\n\n<p class=\"has-text-align-left has-large-font-size\"><strong>Le Vice Pr\u00e9sident<\/strong><\/p>\n\n\n\n<div class=\"wp-block-media-text alignwide is-stacked-on-mobile\" style=\"grid-template-columns:21% auto\"><figure class=\"wp-block-media-text__media\"><img loading=\"lazy\" decoding=\"async\" width=\"580\" height=\"1024\" src=\"https:\/\/asdesgreensdeugenie.fr\/wp-content\/uploads\/2025\/12\/IMG_20251222_173750_edit_449374954344618-580x1024.jpg\" alt=\"\" class=\"wp-image-3040 size-full\" srcset=\"https:\/\/asdesgreensdeugenie.fr\/wp-content\/uploads\/2025\/12\/IMG_20251222_173750_edit_449374954344618-580x1024.jpg 580w, https:\/\/asdesgreensdeugenie.fr\/wp-content\/uploads\/2025\/12\/IMG_20251222_173750_edit_449374954344618-170x300.jpg 170w, https:\/\/asdesgreensdeugenie.fr\/wp-content\/uploads\/2025\/12\/IMG_20251222_173750_edit_449374954344618-768x1357.jpg 768w, https:\/\/asdesgreensdeugenie.fr\/wp-content\/uploads\/2025\/12\/IMG_20251222_173750_edit_449374954344618-870x1536.jpg 870w, https:\/\/asdesgreensdeugenie.fr\/wp-content\/uploads\/2025\/12\/IMG_20251222_173750_edit_449374954344618-1159x2048.jpg 1159w, https:\/\/asdesgreensdeugenie.fr\/wp-content\/uploads\/2025\/12\/IMG_20251222_173750_edit_449374954344618-scaled.jpg 1449w\" sizes=\"auto, (max-width: 580px) 100vw, 580px\" \/><\/figure><div class=\"wp-block-media-text__content\">\n<p class=\"has-large-font-size\">Alain Gourgues<\/p>\n<\/div><\/div>\n\n\n\n<p class=\"has-large-font-size\"><strong>Le Tr\u00e9sorier<\/strong><\/p>\n\n\n\n<div class=\"wp-block-media-text alignwide is-stacked-on-mobile\" style=\"grid-template-columns:21% auto\"><figure class=\"wp-block-media-text__media\"><img loading=\"lazy\" decoding=\"async\" width=\"594\" height=\"1024\" src=\"https:\/\/asdesgreensdeugenie.fr\/wp-content\/uploads\/2025\/12\/IMG_20251222_173659_edit_449483013549108-594x1024.jpg\" alt=\"\" class=\"wp-image-3041 size-full\" srcset=\"https:\/\/asdesgreensdeugenie.fr\/wp-content\/uploads\/2025\/12\/IMG_20251222_173659_edit_449483013549108-594x1024.jpg 594w, https:\/\/asdesgreensdeugenie.fr\/wp-content\/uploads\/2025\/12\/IMG_20251222_173659_edit_449483013549108-174x300.jpg 174w, https:\/\/asdesgreensdeugenie.fr\/wp-content\/uploads\/2025\/12\/IMG_20251222_173659_edit_449483013549108-768x1324.jpg 768w, https:\/\/asdesgreensdeugenie.fr\/wp-content\/uploads\/2025\/12\/IMG_20251222_173659_edit_449483013549108-891x1536.jpg 891w, https:\/\/asdesgreensdeugenie.fr\/wp-content\/uploads\/2025\/12\/IMG_20251222_173659_edit_449483013549108-1188x2048.jpg 1188w, https:\/\/asdesgreensdeugenie.fr\/wp-content\/uploads\/2025\/12\/IMG_20251222_173659_edit_449483013549108-scaled.jpg 1485w\" sizes=\"auto, (max-width: 594px) 100vw, 594px\" \/><\/figure><div class=\"wp-block-media-text__content\">\n<p class=\"has-large-font-size\">Yann Arqu\u00e9s<\/p>\n<\/div><\/div>\n\n\n\n<p class=\"has-large-font-size\"><strong>La Vice Tr\u00e9sori\u00e8re<\/strong><\/p>\n\n\n\n<div class=\"wp-block-media-text alignwide is-stacked-on-mobile\" style=\"grid-template-columns:21% auto\"><figure class=\"wp-block-media-text__media\"><img loading=\"lazy\" decoding=\"async\" width=\"655\" height=\"1024\" src=\"https:\/\/asdesgreensdeugenie.fr\/wp-content\/uploads\/2025\/12\/IMG_20251222_173741_edit_449395827480131-655x1024.jpg\" alt=\"\" class=\"wp-image-3042 size-full\" srcset=\"https:\/\/asdesgreensdeugenie.fr\/wp-content\/uploads\/2025\/12\/IMG_20251222_173741_edit_449395827480131-655x1024.jpg 655w, https:\/\/asdesgreensdeugenie.fr\/wp-content\/uploads\/2025\/12\/IMG_20251222_173741_edit_449395827480131-192x300.jpg 192w, https:\/\/asdesgreensdeugenie.fr\/wp-content\/uploads\/2025\/12\/IMG_20251222_173741_edit_449395827480131-768x1201.jpg 768w, https:\/\/asdesgreensdeugenie.fr\/wp-content\/uploads\/2025\/12\/IMG_20251222_173741_edit_449395827480131-982x1536.jpg 982w, https:\/\/asdesgreensdeugenie.fr\/wp-content\/uploads\/2025\/12\/IMG_20251222_173741_edit_449395827480131-1310x2048.jpg 1310w, https:\/\/asdesgreensdeugenie.fr\/wp-content\/uploads\/2025\/12\/IMG_20251222_173741_edit_449395827480131-scaled.jpg 1637w\" sizes=\"auto, (max-width: 655px) 100vw, 655px\" \/><\/figure><div class=\"wp-block-media-text__content\">\n<p class=\"has-large-font-size\">Mich\u00e8le Theux<\/p>\n<\/div><\/div>\n\n\n\n<p><strong style=\"font-size: 36px;\">Le secr\u00e9taire<\/strong><\/p>\n\n\n\n<div class=\"wp-block-media-text alignwide is-stacked-on-mobile\" style=\"grid-template-columns:21% auto\"><figure class=\"wp-block-media-text__media\"><img loading=\"lazy\" decoding=\"async\" width=\"1024\" height=\"768\" src=\"https:\/\/asdesgreensdeugenie.fr\/wp-content\/uploads\/2025\/12\/IMG-20251223-WA0001-1024x768.jpg\" alt=\"\" class=\"wp-image-3085 size-full\" srcset=\"https:\/\/asdesgreensdeugenie.fr\/wp-content\/uploads\/2025\/12\/IMG-20251223-WA0001-1024x768.jpg 1024w, https:\/\/asdesgreensdeugenie.fr\/wp-content\/uploads\/2025\/12\/IMG-20251223-WA0001-300x225.jpg 300w, https:\/\/asdesgreensdeugenie.fr\/wp-content\/uploads\/2025\/12\/IMG-20251223-WA0001-768x576.jpg 768w, https:\/\/asdesgreensdeugenie.fr\/wp-content\/uploads\/2025\/12\/IMG-20251223-WA0001-1536x1152.jpg 1536w, https:\/\/asdesgreensdeugenie.fr\/wp-content\/uploads\/2025\/12\/IMG-20251223-WA0001.jpg 1600w\" sizes=\"auto, (max-width: 1024px) 100vw, 1024px\" \/><\/figure><div class=\"wp-block-media-text__content\">\n<p class=\"has-large-font-size\">Lionel Borowicz<\/p>\n<\/div><\/div>\n\n\n\n<p><strong style=\"font-size: 36px;\">Le secr\u00e9taire adjoint<\/strong> <\/p>\n\n\n\n<div class=\"wp-block-media-text alignwide is-stacked-on-mobile\" style=\"grid-template-columns:21% auto\"><figure class=\"wp-block-media-text__media\"><img loading=\"lazy\" decoding=\"async\" width=\"674\" height=\"1024\" src=\"https:\/\/asdesgreensdeugenie.fr\/wp-content\/uploads\/2025\/12\/IMG_20251222_173808_edit_449303889273760-1-674x1024.jpg\" alt=\"\" class=\"wp-image-3045 size-full\" srcset=\"https:\/\/asdesgreensdeugenie.fr\/wp-content\/uploads\/2025\/12\/IMG_20251222_173808_edit_449303889273760-1-674x1024.jpg 674w, https:\/\/asdesgreensdeugenie.fr\/wp-content\/uploads\/2025\/12\/IMG_20251222_173808_edit_449303889273760-1-198x300.jpg 198w, https:\/\/asdesgreensdeugenie.fr\/wp-content\/uploads\/2025\/12\/IMG_20251222_173808_edit_449303889273760-1-768x1166.jpg 768w, https:\/\/asdesgreensdeugenie.fr\/wp-content\/uploads\/2025\/12\/IMG_20251222_173808_edit_449303889273760-1-1011x1536.jpg 1011w, https:\/\/asdesgreensdeugenie.fr\/wp-content\/uploads\/2025\/12\/IMG_20251222_173808_edit_449303889273760-1-1349x2048.jpg 1349w, https:\/\/asdesgreensdeugenie.fr\/wp-content\/uploads\/2025\/12\/IMG_20251222_173808_edit_449303889273760-1.jpg 1560w\" sizes=\"auto, (max-width: 674px) 100vw, 674px\" \/><\/figure><div class=\"wp-block-media-text__content\">\n<p class=\"has-large-font-size\">Pascal Bernard<\/p>\n<\/div><\/div>\n\n\n\n<p class=\"has-large-font-size\"><strong>La Commission Sportive<\/strong><\/p>\n\n\n\n<p><strong>Charg\u00e9e de g\u00e9rer les comp\u00e9titions de l&rsquo;AS, <\/strong>de la distribution des cartes, de la gestion des scores. Responsable de la mise en place du calendrier des comp\u00e9titions, des engagements des \u00e9quipes 1 , 2, et S\u00e9niors 2 (avec J.Paul Lalanne Capitaine).<\/p>\n\n\n\n<div class=\"wp-block-media-text alignwide is-stacked-on-mobile\" style=\"grid-template-columns:21% auto\"><figure class=\"wp-block-media-text__media\"><img loading=\"lazy\" decoding=\"async\" width=\"588\" height=\"1024\" src=\"https:\/\/asdesgreensdeugenie.fr\/wp-content\/uploads\/2025\/12\/IMG_20251222_173756_edit_449340366049423-588x1024.jpg\" alt=\"\" class=\"wp-image-3048 size-full\" srcset=\"https:\/\/asdesgreensdeugenie.fr\/wp-content\/uploads\/2025\/12\/IMG_20251222_173756_edit_449340366049423-588x1024.jpg 588w, https:\/\/asdesgreensdeugenie.fr\/wp-content\/uploads\/2025\/12\/IMG_20251222_173756_edit_449340366049423-172x300.jpg 172w, https:\/\/asdesgreensdeugenie.fr\/wp-content\/uploads\/2025\/12\/IMG_20251222_173756_edit_449340366049423-768x1336.jpg 768w, https:\/\/asdesgreensdeugenie.fr\/wp-content\/uploads\/2025\/12\/IMG_20251222_173756_edit_449340366049423-883x1536.jpg 883w, https:\/\/asdesgreensdeugenie.fr\/wp-content\/uploads\/2025\/12\/IMG_20251222_173756_edit_449340366049423-1177x2048.jpg 1177w, https:\/\/asdesgreensdeugenie.fr\/wp-content\/uploads\/2025\/12\/IMG_20251222_173756_edit_449340366049423-scaled.jpg 1471w\" sizes=\"auto, (max-width: 588px) 100vw, 588px\" \/><\/figure><div class=\"wp-block-media-text__content\">\n<p class=\"has-large-font-size\">Thibaud Lebigre, <\/p>\n\n\n\n<p class=\"has-large-font-size\">Capitaine Championnat des Landes Poule A.<\/p>\n<\/div><\/div>\n\n\n\n<div class=\"wp-block-media-text alignwide is-stacked-on-mobile\" style=\"grid-template-columns:21% auto\"><figure class=\"wp-block-media-text__media\"><img loading=\"lazy\" decoding=\"async\" width=\"655\" height=\"1024\" src=\"https:\/\/asdesgreensdeugenie.fr\/wp-content\/uploads\/2025\/12\/IMG_20251222_173741_edit_449395827480131-1-655x1024.jpg\" alt=\"\" class=\"wp-image-3047 size-full\" srcset=\"https:\/\/asdesgreensdeugenie.fr\/wp-content\/uploads\/2025\/12\/IMG_20251222_173741_edit_449395827480131-1-655x1024.jpg 655w, https:\/\/asdesgreensdeugenie.fr\/wp-content\/uploads\/2025\/12\/IMG_20251222_173741_edit_449395827480131-1-192x300.jpg 192w, https:\/\/asdesgreensdeugenie.fr\/wp-content\/uploads\/2025\/12\/IMG_20251222_173741_edit_449395827480131-1-768x1201.jpg 768w, https:\/\/asdesgreensdeugenie.fr\/wp-content\/uploads\/2025\/12\/IMG_20251222_173741_edit_449395827480131-1-982x1536.jpg 982w, https:\/\/asdesgreensdeugenie.fr\/wp-content\/uploads\/2025\/12\/IMG_20251222_173741_edit_449395827480131-1-1310x2048.jpg 1310w, https:\/\/asdesgreensdeugenie.fr\/wp-content\/uploads\/2025\/12\/IMG_20251222_173741_edit_449395827480131-1-scaled.jpg 1637w\" sizes=\"auto, (max-width: 655px) 100vw, 655px\" \/><\/figure><div class=\"wp-block-media-text__content\">\n<p class=\"has-large-font-size\">Mich\u00e8le Theux, <\/p>\n\n\n\n<p class=\"has-large-font-size\">Responsable Amicale S\u00e9nior.<\/p>\n<\/div><\/div>\n\n\n\n<div class=\"wp-block-media-text alignwide is-stacked-on-mobile\" style=\"grid-template-columns:21% auto\"><figure class=\"wp-block-media-text__media\"><img loading=\"lazy\" decoding=\"async\" width=\"652\" height=\"1024\" src=\"https:\/\/asdesgreensdeugenie.fr\/wp-content\/uploads\/2025\/12\/IMG_20251222_173732_edit_449424552753974-652x1024.jpg\" alt=\"\" class=\"wp-image-3063 size-full\" srcset=\"https:\/\/asdesgreensdeugenie.fr\/wp-content\/uploads\/2025\/12\/IMG_20251222_173732_edit_449424552753974-652x1024.jpg 652w, https:\/\/asdesgreensdeugenie.fr\/wp-content\/uploads\/2025\/12\/IMG_20251222_173732_edit_449424552753974-191x300.jpg 191w, https:\/\/asdesgreensdeugenie.fr\/wp-content\/uploads\/2025\/12\/IMG_20251222_173732_edit_449424552753974-768x1206.jpg 768w, https:\/\/asdesgreensdeugenie.fr\/wp-content\/uploads\/2025\/12\/IMG_20251222_173732_edit_449424552753974-978x1536.jpg 978w, https:\/\/asdesgreensdeugenie.fr\/wp-content\/uploads\/2025\/12\/IMG_20251222_173732_edit_449424552753974-1304x2048.jpg 1304w, https:\/\/asdesgreensdeugenie.fr\/wp-content\/uploads\/2025\/12\/IMG_20251222_173732_edit_449424552753974-scaled.jpg 1630w\" sizes=\"auto, (max-width: 652px) 100vw, 652px\" \/><\/figure><div class=\"wp-block-media-text__content\">\n<p class=\"has-large-font-size\">No\u00eal Gabard,<\/p>\n\n\n\n<p class=\"has-large-font-size\">Assistant.<\/p>\n<\/div><\/div>\n\n\n\n<p class=\"has-large-font-size\"><strong>L&rsquo;\u00e9cole de Golf<\/strong><\/p>\n\n\n\n<div class=\"wp-block-media-text alignwide is-stacked-on-mobile\" style=\"grid-template-columns:21% auto\"><figure class=\"wp-block-media-text__media\"><img loading=\"lazy\" decoding=\"async\" width=\"392\" height=\"698\" src=\"https:\/\/asdesgreensdeugenie.fr\/wp-content\/uploads\/2025\/12\/Capture-decran-2025-12-23-a-14.08.03.png\" alt=\"\" class=\"wp-image-3052 size-full\" srcset=\"https:\/\/asdesgreensdeugenie.fr\/wp-content\/uploads\/2025\/12\/Capture-decran-2025-12-23-a-14.08.03.png 392w, https:\/\/asdesgreensdeugenie.fr\/wp-content\/uploads\/2025\/12\/Capture-decran-2025-12-23-a-14.08.03-168x300.png 168w\" sizes=\"auto, (max-width: 392px) 100vw, 392px\" \/><\/figure><div class=\"wp-block-media-text__content\">\n<p class=\"has-large-font-size\">Thomas Vayssi\u00e8re,<\/p>\n\n\n\n<p class=\"has-large-font-size\">Notre PRO , Responsable de l&rsquo;\u00e9cole de Golf<\/p>\n<\/div><\/div>\n\n\n\n<div class=\"wp-block-media-text alignwide is-stacked-on-mobile\" style=\"grid-template-columns:21% auto\"><figure class=\"wp-block-media-text__media\"><img loading=\"lazy\" decoding=\"async\" width=\"605\" height=\"1024\" src=\"https:\/\/asdesgreensdeugenie.fr\/wp-content\/uploads\/2025\/12\/IMG_20251222_173718_edit_449446568604434-605x1024.jpg\" alt=\"\" class=\"wp-image-3046 size-full\" srcset=\"https:\/\/asdesgreensdeugenie.fr\/wp-content\/uploads\/2025\/12\/IMG_20251222_173718_edit_449446568604434-605x1024.jpg 605w, https:\/\/asdesgreensdeugenie.fr\/wp-content\/uploads\/2025\/12\/IMG_20251222_173718_edit_449446568604434-177x300.jpg 177w, https:\/\/asdesgreensdeugenie.fr\/wp-content\/uploads\/2025\/12\/IMG_20251222_173718_edit_449446568604434-768x1300.jpg 768w, https:\/\/asdesgreensdeugenie.fr\/wp-content\/uploads\/2025\/12\/IMG_20251222_173718_edit_449446568604434-907x1536.jpg 907w, https:\/\/asdesgreensdeugenie.fr\/wp-content\/uploads\/2025\/12\/IMG_20251222_173718_edit_449446568604434-1210x2048.jpg 1210w, https:\/\/asdesgreensdeugenie.fr\/wp-content\/uploads\/2025\/12\/IMG_20251222_173718_edit_449446568604434-scaled.jpg 1512w\" sizes=\"auto, (max-width: 605px) 100vw, 605px\" \/><\/figure><div class=\"wp-block-media-text__content\">\n<p class=\"has-large-font-size\">Fabrice Lamothe, <\/p>\n\n\n\n<p class=\"has-large-font-size\">R\u00e9f\u00e9rent de l&rsquo;\u00e9cole de Golf,<\/p>\n\n\n\n<p class=\"has-large-font-size\">assist\u00e9 par Pascal Bernard afin<\/p>\n\n\n\n<p class=\"has-large-font-size\">d&rsquo;apporter soutien \u00e0 Thomas Vayssi\u00e8re.<\/p>\n<\/div><\/div>\n\n\n\n<p class=\"has-large-font-size\"><strong>La Commission Communication<\/strong><\/p>\n\n\n\n<p>Elle a pour But de d\u00e9velopper la Circulation de l&rsquo;information afin que vous soyez toutes et tous avertis des \u00e9v\u00e8nements sportifs de votre Club. Alexandre, Pascal et R\u00e9no en seront les R\u00e9f\u00e9rents.<\/p>\n\n\n\n<div class=\"wp-block-media-text alignwide is-stacked-on-mobile\" style=\"grid-template-columns:21% auto\"><figure class=\"wp-block-media-text__media\"><img loading=\"lazy\" decoding=\"async\" width=\"600\" height=\"1024\" src=\"https:\/\/asdesgreensdeugenie.fr\/wp-content\/uploads\/2025\/12\/IMG_20251222_173706_edit_449464373966355-1-600x1024.jpg\" alt=\"\" class=\"wp-image-3057 size-full\" srcset=\"https:\/\/asdesgreensdeugenie.fr\/wp-content\/uploads\/2025\/12\/IMG_20251222_173706_edit_449464373966355-1-600x1024.jpg 600w, https:\/\/asdesgreensdeugenie.fr\/wp-content\/uploads\/2025\/12\/IMG_20251222_173706_edit_449464373966355-1-176x300.jpg 176w, https:\/\/asdesgreensdeugenie.fr\/wp-content\/uploads\/2025\/12\/IMG_20251222_173706_edit_449464373966355-1-768x1310.jpg 768w, https:\/\/asdesgreensdeugenie.fr\/wp-content\/uploads\/2025\/12\/IMG_20251222_173706_edit_449464373966355-1-900x1536.jpg 900w, https:\/\/asdesgreensdeugenie.fr\/wp-content\/uploads\/2025\/12\/IMG_20251222_173706_edit_449464373966355-1-1200x2048.jpg 1200w, https:\/\/asdesgreensdeugenie.fr\/wp-content\/uploads\/2025\/12\/IMG_20251222_173706_edit_449464373966355-1-scaled.jpg 1501w\" sizes=\"auto, (max-width: 600px) 100vw, 600px\" \/><\/figure><div class=\"wp-block-media-text__content\">\n<p class=\"has-large-font-size\">Alexandre Oge,<\/p>\n\n\n\n<p class=\"has-large-font-size\">assist\u00e9 par R\u00e9no et Pascal<\/p>\n<\/div><\/div>\n\n\n\n<div class=\"wp-block-media-text alignwide is-stacked-on-mobile\" style=\"grid-template-columns:21% auto\"><figure class=\"wp-block-media-text__media\"><img loading=\"lazy\" decoding=\"async\" width=\"389\" height=\"588\" src=\"https:\/\/asdesgreensdeugenie.fr\/wp-content\/uploads\/2025\/12\/Screenshot_20251223_151237_com_instagram_android_InstagramMainActivity_edit_456599508302070.jpg\" alt=\"\" class=\"wp-image-3087 size-full\" srcset=\"https:\/\/asdesgreensdeugenie.fr\/wp-content\/uploads\/2025\/12\/Screenshot_20251223_151237_com_instagram_android_InstagramMainActivity_edit_456599508302070.jpg 389w, https:\/\/asdesgreensdeugenie.fr\/wp-content\/uploads\/2025\/12\/Screenshot_20251223_151237_com_instagram_android_InstagramMainActivity_edit_456599508302070-198x300.jpg 198w\" sizes=\"auto, (max-width: 389px) 100vw, 389px\" \/><\/figure><div class=\"wp-block-media-text__content\">\n<p class=\"has-large-font-size\">R\u00e9no, responsable Facebook et Insta ,<\/p>\n<\/div><\/div>\n\n\n\n<div class=\"wp-block-media-text alignwide is-stacked-on-mobile\" style=\"grid-template-columns:21% auto\"><figure class=\"wp-block-media-text__media\"><img loading=\"lazy\" decoding=\"async\" width=\"674\" height=\"1024\" src=\"https:\/\/asdesgreensdeugenie.fr\/wp-content\/uploads\/2025\/12\/IMG_20251222_173808_edit_449303889273760-2-674x1024.jpg\" alt=\"\" class=\"wp-image-3060 size-full\" srcset=\"https:\/\/asdesgreensdeugenie.fr\/wp-content\/uploads\/2025\/12\/IMG_20251222_173808_edit_449303889273760-2-674x1024.jpg 674w, https:\/\/asdesgreensdeugenie.fr\/wp-content\/uploads\/2025\/12\/IMG_20251222_173808_edit_449303889273760-2-198x300.jpg 198w, https:\/\/asdesgreensdeugenie.fr\/wp-content\/uploads\/2025\/12\/IMG_20251222_173808_edit_449303889273760-2-768x1166.jpg 768w, https:\/\/asdesgreensdeugenie.fr\/wp-content\/uploads\/2025\/12\/IMG_20251222_173808_edit_449303889273760-2-1011x1536.jpg 1011w, https:\/\/asdesgreensdeugenie.fr\/wp-content\/uploads\/2025\/12\/IMG_20251222_173808_edit_449303889273760-2-1349x2048.jpg 1349w, https:\/\/asdesgreensdeugenie.fr\/wp-content\/uploads\/2025\/12\/IMG_20251222_173808_edit_449303889273760-2.jpg 1560w\" sizes=\"auto, (max-width: 674px) 100vw, 674px\" \/><\/figure><div class=\"wp-block-media-text__content\">\n<p class=\"has-large-font-size\">Pascal Bernard,<\/p>\n\n\n\n<p class=\"has-large-font-size\">Mise \u00e0 jour du Site Web, Facebook<\/p>\n<\/div><\/div>\n\n\n\n<p class=\"has-large-font-size\"><strong>La Commission Animation<\/strong><\/p>\n\n\n\n<p> Devrait \u00eatre g\u00e9r\u00e9e Coll\u00e9gialement, les bonnes volont\u00e9s sont les bienvenus.<\/p>\n\n\n\n<p class=\"has-large-font-size\"><strong>La <\/strong><strong> Commission Partenaire Sponsoring<\/strong><\/p>\n\n\n\n<p>Le nouveau bureau tout entier sera en charge d&rsquo;assurer la continuit\u00e9 sponsoring, Le Pr\u00e9sident et le Vice pr\u00e9sident en seront les r\u00e9f\u00e9rents.<\/p>\n\n\n\n<p><\/p>\n","protected":false},"excerpt":{"rendered":"<p>Le Pr\u00e9sident David Pirot Le Vice Pr\u00e9sident Alain Gourgues Le Tr\u00e9sorier Yann Arqu\u00e9s La Vice Tr\u00e9sori\u00e8re Mich\u00e8le Theux Le secr\u00e9taire Lionel Borowicz Le secr\u00e9taire adjoint Pascal Bernard La Commission Sportive Charg\u00e9e de g\u00e9rer les comp\u00e9titions de l&rsquo;AS, de la distribution des cartes, de la gestion des scores. Responsable de la [&hellip;]<\/p>\n","protected":false},"author":3,"featured_media":0,"parent":0,"menu_order":0,"comment_status":"closed","ping_status":"closed","template":"","meta":{"footnotes":""},"class_list":["post-1538","page","type-page","status-publish","hentry"],"_links":{"self":[{"href":"https:\/\/asdesgreensdeugenie.fr\/index.php\/wp-json\/wp\/v2\/pages\/1538","targetHints":{"allow":["GET"]}}],"collection":[{"href":"https:\/\/asdesgreensdeugenie.fr\/index.php\/wp-json\/wp\/v2\/pages"}],"about":[{"href":"https:\/\/asdesgreensdeugenie.fr\/index.php\/wp-json\/wp\/v2\/types\/page"}],"author":[{"embeddable":true,"href":"https:\/\/asdesgreensdeugenie.fr\/index.php\/wp-json\/wp\/v2\/users\/3"}],"replies":[{"embeddable":true,"href":"https:\/\/asdesgreensdeugenie.fr\/index.php\/wp-json\/wp\/v2\/comments?post=1538"}],"version-history":[{"count":26,"href":"https:\/\/asdesgreensdeugenie.fr\/index.php\/wp-json\/wp\/v2\/pages\/1538\/revisions"}],"predecessor-version":[{"id":3088,"href":"https:\/\/asdesgreensdeugenie.fr\/index.php\/wp-json\/wp\/v2\/pages\/1538\/revisions\/3088"}],"wp:attachment":[{"href":"https:\/\/asdesgreensdeugenie.fr\/index.php\/wp-json\/wp\/v2\/media?parent=1538"}],"curies":[{"name":"wp","href":"https:\/\/api.w.org\/{rel}","templated":true}]}}