{"id":1539,"date":"2021-04-02T16:50:09","date_gmt":"2021-04-02T14:50:09","guid":{"rendered":"http:\/\/localhost\/asso\/?page_id=34"},"modified":"2024-04-10T20:36:15","modified_gmt":"2024-04-10T18:36:15","slug":"equipes","status":"publish","type":"page","link":"https:\/\/asdesgreensdeugenie.fr\/index.php\/equipes\/","title":{"rendered":"Les Equipes  de L&rsquo;AS"},"content":{"rendered":"\n<p class=\"has-text-align-center has-large-font-size\"><strong>EQUIPES 2024<\/strong><\/p>\n\n\n\n<p class=\"has-text-align-center\">EQUIPE 1<\/p>\n\n\n\n<figure class=\"wp-block-image size-large\"><img loading=\"lazy\" decoding=\"async\" width=\"1024\" height=\"822\" src=\"https:\/\/asdesgreensdeugenie.fr\/wp-content\/uploads\/2024\/04\/WhatsApp-Image-2024-04-09-at-15.16.22-1024x822.jpeg\" alt=\"\" class=\"wp-image-2810\" srcset=\"https:\/\/asdesgreensdeugenie.fr\/wp-content\/uploads\/2024\/04\/WhatsApp-Image-2024-04-09-at-15.16.22-1024x822.jpeg 1024w, https:\/\/asdesgreensdeugenie.fr\/wp-content\/uploads\/2024\/04\/WhatsApp-Image-2024-04-09-at-15.16.22-300x241.jpeg 300w, https:\/\/asdesgreensdeugenie.fr\/wp-content\/uploads\/2024\/04\/WhatsApp-Image-2024-04-09-at-15.16.22-768x617.jpeg 768w, https:\/\/asdesgreensdeugenie.fr\/wp-content\/uploads\/2024\/04\/WhatsApp-Image-2024-04-09-at-15.16.22.jpeg 1350w\" sizes=\"auto, (max-width: 1024px) 100vw, 1024px\" \/><\/figure>\n\n\n\n<p class=\"has-text-align-center\">EQUIPE 2<\/p>\n\n\n\n<figure class=\"wp-block-image size-large\"><img loading=\"lazy\" decoding=\"async\" width=\"1024\" height=\"748\" src=\"https:\/\/asdesgreensdeugenie.fr\/wp-content\/uploads\/2024\/04\/WhatsApp-Image-2024-04-09-at-15.15.05-1024x748.jpeg\" alt=\"\" class=\"wp-image-2811\" srcset=\"https:\/\/asdesgreensdeugenie.fr\/wp-content\/uploads\/2024\/04\/WhatsApp-Image-2024-04-09-at-15.15.05-1024x748.jpeg 1024w, https:\/\/asdesgreensdeugenie.fr\/wp-content\/uploads\/2024\/04\/WhatsApp-Image-2024-04-09-at-15.15.05-300x219.jpeg 300w, https:\/\/asdesgreensdeugenie.fr\/wp-content\/uploads\/2024\/04\/WhatsApp-Image-2024-04-09-at-15.15.05-768x561.jpeg 768w, https:\/\/asdesgreensdeugenie.fr\/wp-content\/uploads\/2024\/04\/WhatsApp-Image-2024-04-09-at-15.15.05.jpeg 1515w\" sizes=\"auto, (max-width: 1024px) 100vw, 1024px\" \/><\/figure>\n\n\n\n<p class=\"has-text-align-center has-large-font-size\"><strong> EQUIPES 2023<\/strong><\/p>\n\n\n\n<p class=\"has-text-align-center\">EQUIPE 1<\/p>\n\n\n<div class=\"wp-block-image\">\n<figure class=\"aligncenter size-full\"><img loading=\"lazy\" decoding=\"async\" width=\"1024\" height=\"768\" src=\"https:\/\/asdesgreensdeugenie.fr\/wp-content\/uploads\/2023\/03\/equipe-1-mars-2023-1.jpeg\" alt=\"\" class=\"wp-image-2148\" srcset=\"https:\/\/asdesgreensdeugenie.fr\/wp-content\/uploads\/2023\/03\/equipe-1-mars-2023-1.jpeg 1024w, https:\/\/asdesgreensdeugenie.fr\/wp-content\/uploads\/2023\/03\/equipe-1-mars-2023-1-300x225.jpeg 300w, https:\/\/asdesgreensdeugenie.fr\/wp-content\/uploads\/2023\/03\/equipe-1-mars-2023-1-768x576.jpeg 768w\" sizes=\"auto, (max-width: 1024px) 100vw, 1024px\" \/><figcaption class=\"wp-element-caption\"><strong><em>DENIS &#8211; YVES &#8211; ETIENNE &#8211; CHRISTOPHE<\/em><\/strong><\/figcaption><\/figure>\n<\/div>\n\n\n<p class=\"has-text-align-center\"><em><strong>MATTHIEU &#8211; FREDERIC &#8211; PIERRE<\/strong><\/em><\/p>\n\n\n\n<p class=\"has-text-align-center\">_____________________________________________<\/p>\n\n\n\n<p class=\"has-text-align-center\">EQUIPE 2<\/p>\n\n\n<div class=\"wp-block-image\">\n<figure class=\"aligncenter size-full\"><img loading=\"lazy\" decoding=\"async\" width=\"1024\" height=\"768\" src=\"https:\/\/asdesgreensdeugenie.fr\/wp-content\/uploads\/2023\/03\/equipe-2-mars-2023-1.jpeg\" alt=\"\" class=\"wp-image-2150\" srcset=\"https:\/\/asdesgreensdeugenie.fr\/wp-content\/uploads\/2023\/03\/equipe-2-mars-2023-1.jpeg 1024w, https:\/\/asdesgreensdeugenie.fr\/wp-content\/uploads\/2023\/03\/equipe-2-mars-2023-1-300x225.jpeg 300w, https:\/\/asdesgreensdeugenie.fr\/wp-content\/uploads\/2023\/03\/equipe-2-mars-2023-1-768x576.jpeg 768w\" sizes=\"auto, (max-width: 1024px) 100vw, 1024px\" \/><figcaption class=\"wp-element-caption\"><em><strong>ARNAUD &#8211; PATRICE &#8211; DENIS &#8211; <\/strong><\/em><strong><em>FABRICE<\/em><\/strong><\/figcaption><\/figure>\n<\/div>\n\n\n<p class=\"has-text-align-center\"><strong><em>DAVID &#8211; JEAN CHRISTOPHE &#8211; THIBAUT<\/em><\/strong><\/p>\n\n\n\n<p class=\"has-text-align-center\">___________________________________________<\/p>\n\n\n\n<p class=\"has-text-align-center\">EQUIPE VETERAN<\/p>\n\n\n\n<figure class=\"wp-block-image size-full is-resized\"><img loading=\"lazy\" decoding=\"async\" width=\"409\" height=\"311\" src=\"https:\/\/asdesgreensdeugenie.fr\/wp-content\/uploads\/2023\/03\/equipe-veteran.jpeg\" alt=\"\" class=\"wp-image-2162\" style=\"width:812px;height:616px\" srcset=\"https:\/\/asdesgreensdeugenie.fr\/wp-content\/uploads\/2023\/03\/equipe-veteran.jpeg 409w, https:\/\/asdesgreensdeugenie.fr\/wp-content\/uploads\/2023\/03\/equipe-veteran-300x228.jpeg 300w\" sizes=\"auto, (max-width: 409px) 100vw, 409px\" \/><\/figure>\n\n\n\n<p class=\"has-text-align-center\">BERNARD &#8211; PIERRE &#8211; JEAN PAUL &#8211; DANIEL &#8211; JACQUES<\/p>\n\n\n\n<p class=\"has-text-align-center\">_________________________________________________<\/p>\n\n\n\n<p class=\"has-text-align-center\">EQUIPE  ECOLE DE GOLF<\/p>\n\n\n\n<figure class=\"wp-block-image size-large\"><img loading=\"lazy\" decoding=\"async\" width=\"1024\" height=\"678\" src=\"https:\/\/asdesgreensdeugenie.fr\/wp-content\/uploads\/2023\/03\/equipe-ecole-golf-image0000001-1-1024x678.jpg\" alt=\"\" class=\"wp-image-2164\" srcset=\"https:\/\/asdesgreensdeugenie.fr\/wp-content\/uploads\/2023\/03\/equipe-ecole-golf-image0000001-1-1024x678.jpg 1024w, https:\/\/asdesgreensdeugenie.fr\/wp-content\/uploads\/2023\/03\/equipe-ecole-golf-image0000001-1-300x199.jpg 300w, https:\/\/asdesgreensdeugenie.fr\/wp-content\/uploads\/2023\/03\/equipe-ecole-golf-image0000001-1-768x509.jpg 768w, https:\/\/asdesgreensdeugenie.fr\/wp-content\/uploads\/2023\/03\/equipe-ecole-golf-image0000001-1.jpg 1455w\" sizes=\"auto, (max-width: 1024px) 100vw, 1024px\" \/><\/figure>\n\n\n\n<p class=\"has-text-align-center\"><strong>=====================================================<\/strong><\/p>\n\n\n\n<p class=\"has-text-align-center\"><strong>=====================================================<\/strong><\/p>\n\n\n\n<p class=\"has-text-align-center has-large-font-size\"><strong>Constitution des Equipes 2022<\/strong><\/p>\n\n\n\n<p class=\"has-medium-font-size\"><strong>Equipe 1 Homme <\/strong><\/p>\n\n\n\n<p>(Pr\u00e9sente au Golf d&rsquo;Albret) <\/p>\n\n\n\n<div class=\"wp-block-media-text alignwide is-stacked-on-mobile\" style=\"grid-template-columns:57% auto\"><figure class=\"wp-block-media-text__media\"><img loading=\"lazy\" decoding=\"async\" width=\"960\" height=\"720\" src=\"https:\/\/asdesgreensdeugenie.fr\/wp-content\/uploads\/2022\/05\/245390226_200343082209586_1158166832054446025_n.jpeg\" alt=\"\" class=\"wp-image-1654 size-full\" srcset=\"https:\/\/asdesgreensdeugenie.fr\/wp-content\/uploads\/2022\/05\/245390226_200343082209586_1158166832054446025_n.jpeg 960w, https:\/\/asdesgreensdeugenie.fr\/wp-content\/uploads\/2022\/05\/245390226_200343082209586_1158166832054446025_n-300x225.jpeg 300w, https:\/\/asdesgreensdeugenie.fr\/wp-content\/uploads\/2022\/05\/245390226_200343082209586_1158166832054446025_n-768x576.jpeg 768w\" sizes=\"auto, (max-width: 960px) 100vw, 960px\" \/><\/figure><div class=\"wp-block-media-text__content\">\n<p class=\"has-large-font-size\"><em><sub>de gauche \u00e0 droite :<\/sub><\/em><\/p>\n\n\n\n<ul class=\"wp-block-list\">\n<li>Lionel le Sponsor<\/li>\n\n\n\n<li>Denis<\/li>\n\n\n\n<li>Pierre<\/li>\n\n\n\n<li>Eric<\/li>\n\n\n\n<li>Thibaut<\/li>\n\n\n\n<li>Fr\u00e9d.<\/li>\n\n\n\n<li>Mathieu<\/li>\n\n\n\n<li>Jean Christophe<\/li>\n\n\n\n<li>Arnaud<\/li>\n<\/ul>\n\n\n\n<p><\/p>\n<\/div><\/div>\n\n\n\n<p class=\"has-text-align-left\">L\u2019\u00e9quipe 1 ,  apr\u00e8s  avoir  v\u00e9cu  un  week-end  compliqu\u00e9   sur  le  Golf  d\u2019 Albret  pour  les  championnats  de  France ( conditions de jeu difficiles, niveau tr\u00e8s \u00e9lev\u00e9, journ\u00e9e du dimanche annul\u00e9e \u00e0 cause des conditions climatiques) revenait le week-end suivant sur ce m\u00eame golf pour les championnats r\u00e9gionaux. Apr\u00e8s une tr\u00e8s belle premi\u00e8re journ\u00e9e qui la place troisi\u00e8me \u00e0 1 point du second le dimanche sera un peu plus dur avec le retour de l\u2019arri\u00e8re des grosses \u00e9curies\u2026 Au final c\u2019est une 5\u00e8me place synonyme de mont\u00e9e en troisi\u00e8me division.&nbsp;<br>Belle satisfaction pour ce groupe qui vivra \u00e0 n\u2019en pas douter de belles aventures ces prochaines ann\u00e9es en portant haut les couleurs de notre club.&nbsp;<\/p>\n\n\n\n<p>&#8212;&#8212;&#8212;&#8212;&#8212;&#8212;&#8212;&#8212;&#8212;&#8212;&#8212;&#8212;&#8212;&#8212;&#8212;&#8212;&#8212;&#8212;&#8212;&#8212;&#8212;&#8212;&#8212;&#8212;&#8212;&#8212;&#8212;&#8212;&#8212;&#8212;&#8212;&#8212;&#8212;&#8212;&#8212;&#8212;&#8212;<\/p>\n\n\n\n<p class=\"has-medium-font-size\"><strong>Equipe 2 Homme<\/strong> <\/p>\n\n\n\n<p>(Pr\u00e9sente \u00e0 Brive la Gaillarde) <\/p>\n\n\n\n<div class=\"wp-block-media-text alignwide is-stacked-on-mobile\" style=\"grid-template-columns:57% auto\"><figure class=\"wp-block-media-text__media\"><img loading=\"lazy\" decoding=\"async\" width=\"896\" height=\"672\" src=\"https:\/\/asdesgreensdeugenie.fr\/wp-content\/uploads\/2022\/05\/AA427DEC-8BE3-45F2-9BD8-0B594854FA8F.jpeg\" alt=\"\" class=\"wp-image-1656 size-full\" srcset=\"https:\/\/asdesgreensdeugenie.fr\/wp-content\/uploads\/2022\/05\/AA427DEC-8BE3-45F2-9BD8-0B594854FA8F.jpeg 896w, https:\/\/asdesgreensdeugenie.fr\/wp-content\/uploads\/2022\/05\/AA427DEC-8BE3-45F2-9BD8-0B594854FA8F-300x225.jpeg 300w, https:\/\/asdesgreensdeugenie.fr\/wp-content\/uploads\/2022\/05\/AA427DEC-8BE3-45F2-9BD8-0B594854FA8F-768x576.jpeg 768w\" sizes=\"auto, (max-width: 896px) 100vw, 896px\" \/><\/figure><div class=\"wp-block-media-text__content\">\n<p class=\"has-large-font-size\"><em><sub>de gauche \u00e0 droite :<\/sub><\/em><\/p>\n\n\n\n<ul class=\"wp-block-list\">\n<li>Pascal<\/li>\n\n\n\n<li>Richard <\/li>\n\n\n\n<li>Denis<\/li>\n\n\n\n<li>Patrice<\/li>\n\n\n\n<li>David<\/li>\n\n\n\n<li>David<\/li>\n\n\n\n<li>Jo\u00ebl<\/li>\n<\/ul>\n<\/div><\/div>\n\n\n\n<p>Derni\u00e8rement c\u2019\u00e9tait au tour de l\u2019\u00e9quipe 2 (fra\u00eechement cr\u00e9\u00e9e) de se d\u00e9placer sur le tr\u00e8s agr\u00e9able, mais n\u00e9anmoins excessivement dur, golf de Brive. Une d\u00e9couverte pour la majorit\u00e9 des joueurs de ce type de championnat, pour autant, malgr\u00e9 les nombreuses difficult\u00e9s (golfiques) ils n\u2019ont pas d\u00e9m\u00e9rit\u00e9. Bien amen\u00e9s par leur capitaine Joel ils ont fait preuve de solidarit\u00e9 (dans tous les domaines), l\u2019exp\u00e9rience acquise servira \u00e0 tous pour les \u00e9preuves \u00e0 venir. Merci \u00e0 eux d\u2019avoir port\u00e9 honorablement les couleurs du club.&nbsp;<\/p>\n\n\n\n<p><\/p>\n\n\n\n<p>&#8212;&#8212;&#8212;&#8212;&#8212;&#8212;&#8212;&#8212;&#8212;&#8212;&#8212;&#8212;&#8212;&#8212;&#8212;&#8212;&#8212;&#8212;&#8212;&#8212;&#8212;&#8212;&#8212;&#8212;&#8212;&#8212;&#8212;&#8212;&#8212;&#8212;&#8212;&#8212;&#8212;&#8212;&#8212;&#8212;&#8212;<\/p>\n\n\n\n<p><strong>Equipe  VETERAN  Homme<\/strong><\/p>\n\n\n\n<p>(Pr\u00e9sente \u00e0 Villeneuve sur Lot)<\/p>\n\n\n\n<div class=\"wp-block-media-text alignwide is-stacked-on-mobile\"><figure class=\"wp-block-media-text__media\"><img loading=\"lazy\" decoding=\"async\" width=\"540\" height=\"720\" src=\"https:\/\/asdesgreensdeugenie.fr\/wp-content\/uploads\/2022\/05\/5C605C46-0884-4678-A02A-D72B132CD467.jpeg\" alt=\"\" class=\"wp-image-1657 size-full\" srcset=\"https:\/\/asdesgreensdeugenie.fr\/wp-content\/uploads\/2022\/05\/5C605C46-0884-4678-A02A-D72B132CD467.jpeg 540w, https:\/\/asdesgreensdeugenie.fr\/wp-content\/uploads\/2022\/05\/5C605C46-0884-4678-A02A-D72B132CD467-225x300.jpeg 225w\" sizes=\"auto, (max-width: 540px) 100vw, 540px\" \/><\/figure><div class=\"wp-block-media-text__content\">\n<p class=\"has-large-font-size\"><em><sub>de gauche \u00e0 droite :<\/sub><\/em><\/p>\n\n\n\n<ul class=\"wp-block-list\">\n<li>Bernard<\/li>\n\n\n\n<li>Pierre<\/li>\n\n\n\n<li>Jean Paul<\/li>\n\n\n\n<li>Daniel<\/li>\n\n\n\n<li>Jacques<\/li>\n<\/ul>\n<\/div><\/div>\n\n\n\n<p>Fin ao\u00fbt l\u2019\u00e9quipe v\u00e9t\u00e9ran repr\u00e9sentait le club lors des championnats r\u00e9gionaux de promotion sur le golf de Villeneuve sur Lot. Une bonne place en milieu de tableau (avec une belle premi\u00e8re journ\u00e9e) permet d\u2019envisager une progression pour l\u2019ann\u00e9e prochaine.<\/p>\n\n\n\n<p>======================================================================================<\/p>\n\n\n\n<p>EQUIPES 1 &amp; 2 , Samedi 5 F\u00e9vrier journ\u00e9e conviviale, Stage d&rsquo;entrainement avec Gr\u00e9gory Sergeat, th\u00e9matique sortie de Bunker, Putting, suivi d&rsquo;une comp\u00e9tition 18 trous. <\/p>\n\n\n\n<figure class=\"wp-block-image size-large\"><img decoding=\"async\" src=\"https:\/\/asdesgreensdeugenie.fr\/wp-content\/uploads\/2022\/02\/273103712_1129536267783474_6909249475681650865_n-1-1024x768.jpg\" alt=\"\" class=\"wp-image-1394\"\/><\/figure>\n","protected":false},"excerpt":{"rendered":"<p>EQUIPES 2024 EQUIPE 1 EQUIPE 2 EQUIPES 2023 EQUIPE 1 MATTHIEU &#8211; FREDERIC &#8211; PIERRE _____________________________________________ EQUIPE 2 DAVID &#8211; JEAN CHRISTOPHE &#8211; THIBAUT ___________________________________________ EQUIPE VETERAN BERNARD &#8211; PIERRE &#8211; JEAN PAUL &#8211; DANIEL &#8211; JACQUES _________________________________________________ EQUIPE ECOLE DE GOLF ===================================================== ===================================================== Constitution des Equipes 2022 Equipe 1 [&hellip;]<\/p>\n","protected":false},"author":3,"featured_media":0,"parent":0,"menu_order":0,"comment_status":"closed","ping_status":"closed","template":"","meta":{"footnotes":""},"class_list":["post-1539","page","type-page","status-publish","hentry"],"_links":{"self":[{"href":"https:\/\/asdesgreensdeugenie.fr\/index.php\/wp-json\/wp\/v2\/pages\/1539","targetHints":{"allow":["GET"]}}],"collection":[{"href":"https:\/\/asdesgreensdeugenie.fr\/index.php\/wp-json\/wp\/v2\/pages"}],"about":[{"href":"https:\/\/asdesgreensdeugenie.fr\/index.php\/wp-json\/wp\/v2\/types\/page"}],"author":[{"embeddable":true,"href":"https:\/\/asdesgreensdeugenie.fr\/index.php\/wp-json\/wp\/v2\/users\/3"}],"replies":[{"embeddable":true,"href":"https:\/\/asdesgreensdeugenie.fr\/index.php\/wp-json\/wp\/v2\/comments?post=1539"}],"version-history":[{"count":11,"href":"https:\/\/asdesgreensdeugenie.fr\/index.php\/wp-json\/wp\/v2\/pages\/1539\/revisions"}],"predecessor-version":[{"id":2815,"href":"https:\/\/asdesgreensdeugenie.fr\/index.php\/wp-json\/wp\/v2\/pages\/1539\/revisions\/2815"}],"wp:attachment":[{"href":"https:\/\/asdesgreensdeugenie.fr\/index.php\/wp-json\/wp\/v2\/media?parent=1539"}],"curies":[{"name":"wp","href":"https:\/\/api.w.org\/{rel}","templated":true}]}}