{"id":358,"date":"2021-05-15T21:56:10","date_gmt":"2021-05-15T19:56:10","guid":{"rendered":"http:\/\/asdesgreensdeugenie.fr\/?page_id=358"},"modified":"2023-02-23T23:03:14","modified_gmt":"2023-02-23T22:03:14","slug":"nos-partenaires","status":"publish","type":"page","link":"https:\/\/asdesgreensdeugenie.fr\/index.php\/nos-partenaires\/","title":{"rendered":"Nos Partenaires"},"content":{"rendered":"\n<div class=\"wp-block-media-text alignwide is-stacked-on-mobile\" style=\"grid-template-columns:26% auto\"><figure class=\"wp-block-media-text__media\"><a href=\"https:\/\/www.bahus-soubiran.fr\" target=\"_blank\" rel=\"noopener\"><img loading=\"lazy\" decoding=\"async\" width=\"1024\" height=\"273\" src=\"https:\/\/asdesgreensdeugenie.fr\/wp-content\/uploads\/2022\/05\/logo-bahus-1024x273.png\" alt=\"\" class=\"wp-image-1594 size-full\" srcset=\"https:\/\/asdesgreensdeugenie.fr\/wp-content\/uploads\/2022\/05\/logo-bahus-1024x273.png 1024w, https:\/\/asdesgreensdeugenie.fr\/wp-content\/uploads\/2022\/05\/logo-bahus-300x80.png 300w, https:\/\/asdesgreensdeugenie.fr\/wp-content\/uploads\/2022\/05\/logo-bahus-768x205.png 768w, https:\/\/asdesgreensdeugenie.fr\/wp-content\/uploads\/2022\/05\/logo-bahus.png 1408w\" sizes=\"auto, (max-width: 1024px) 100vw, 1024px\" \/><\/a><\/figure><div class=\"wp-block-media-text__content\">\n<p class=\"has-medium-font-size\">Mairie de Bahus Soubiran<\/p>\n<\/div><\/div>\n\n\n\n<p class=\"has-text-align-center\">_____________________________________________________________<\/p>\n\n\n\n<div class=\"wp-block-media-text alignwide is-stacked-on-mobile\" style=\"grid-template-columns:26% auto\"><figure class=\"wp-block-media-text__media\"><a href=\"https:\/\/www.landes.fr\" target=\"_blank\" rel=\"noopener\"><img loading=\"lazy\" decoding=\"async\" width=\"386\" height=\"116\" src=\"https:\/\/asdesgreensdeugenie.fr\/wp-content\/uploads\/2022\/05\/logo-cd-landes.png\" alt=\"\" class=\"wp-image-1596 size-full\" srcset=\"https:\/\/asdesgreensdeugenie.fr\/wp-content\/uploads\/2022\/05\/logo-cd-landes.png 386w, https:\/\/asdesgreensdeugenie.fr\/wp-content\/uploads\/2022\/05\/logo-cd-landes-300x90.png 300w\" sizes=\"auto, (max-width: 386px) 100vw, 386px\" \/><\/a><\/figure><div class=\"wp-block-media-text__content\">\n<p class=\"has-medium-font-size\">D\u00e9partement des Landes<\/p>\n<\/div><\/div>\n\n\n\n<p class=\"has-text-align-center\">_____________________________________________________________<\/p>\n\n\n\n<div class=\"wp-block-media-text alignwide is-stacked-on-mobile\" style=\"grid-template-columns:27% auto\"><figure class=\"wp-block-media-text__media\"><a href=\"http:\/\/www.pellarini.com\/index.php\" target=\"_blank\" rel=\"noopener\"><img loading=\"lazy\" decoding=\"async\" width=\"894\" height=\"598\" src=\"https:\/\/asdesgreensdeugenie.fr\/wp-content\/uploads\/2022\/05\/logo-pellarini.png\" alt=\"\" class=\"wp-image-1597 size-medium\" srcset=\"https:\/\/asdesgreensdeugenie.fr\/wp-content\/uploads\/2022\/05\/logo-pellarini.png 894w, https:\/\/asdesgreensdeugenie.fr\/wp-content\/uploads\/2022\/05\/logo-pellarini-300x201.png 300w, https:\/\/asdesgreensdeugenie.fr\/wp-content\/uploads\/2022\/05\/logo-pellarini-768x514.png 768w, https:\/\/asdesgreensdeugenie.fr\/wp-content\/uploads\/2022\/05\/logo-pellarini-360x240.png 360w\" sizes=\"auto, (max-width: 894px) 100vw, 894px\" \/><\/a><\/figure><div class=\"wp-block-media-text__content\">\n<p class=\"has-medium-font-size\">Soci\u00e9t\u00e9 P\u00e9llarini \u00e0 AIRE SUR ADOUR,<\/p>\n\n\n\n<p class=\"has-medium-font-size\"><strong>Sponsor , Scramble du 30 mai<\/strong><\/p>\n<\/div><\/div>\n\n\n\n<p class=\"has-text-align-center\">_____________________________________________________________<\/p>\n\n\n\n<div class=\"wp-block-media-text alignwide is-stacked-on-mobile\" style=\"grid-template-columns:27% auto\"><figure class=\"wp-block-media-text__media\"><img loading=\"lazy\" decoding=\"async\" width=\"1024\" height=\"409\" src=\"https:\/\/asdesgreensdeugenie.fr\/wp-content\/uploads\/2022\/05\/logo-EGCA-1024x409.png\" alt=\"\" class=\"wp-image-1598 size-full\" srcset=\"https:\/\/asdesgreensdeugenie.fr\/wp-content\/uploads\/2022\/05\/logo-EGCA-1024x409.png 1024w, https:\/\/asdesgreensdeugenie.fr\/wp-content\/uploads\/2022\/05\/logo-EGCA-300x120.png 300w, https:\/\/asdesgreensdeugenie.fr\/wp-content\/uploads\/2022\/05\/logo-EGCA-768x307.png 768w, https:\/\/asdesgreensdeugenie.fr\/wp-content\/uploads\/2022\/05\/logo-EGCA.png 1152w\" sizes=\"auto, (max-width: 1024px) 100vw, 1024px\" \/><\/figure><div class=\"wp-block-media-text__content\">\n<p class=\"has-medium-font-size\">Soci\u00e9t\u00e9 EGCA \u00e0 AIRE SUR ADOUR,<\/p>\n\n\n\n<p><strong>Sponsor , Scramble du 30 mai<\/strong><\/p>\n<\/div><\/div>\n\n\n\n<p class=\"has-text-align-center\">_____________________________________________________________<\/p>\n\n\n\n<div class=\"wp-block-media-text alignwide is-stacked-on-mobile\" style=\"grid-template-columns:26% auto\"><figure class=\"wp-block-media-text__media\"><a href=\"https:\/\/www.bricomarche.com\" target=\"_blank\" rel=\"noopener\"><img loading=\"lazy\" decoding=\"async\" width=\"384\" height=\"116\" src=\"https:\/\/asdesgreensdeugenie.fr\/wp-content\/uploads\/2022\/05\/logo-bricomarche-aire.png\" alt=\"\" class=\"wp-image-1599 size-full\" srcset=\"https:\/\/asdesgreensdeugenie.fr\/wp-content\/uploads\/2022\/05\/logo-bricomarche-aire.png 384w, https:\/\/asdesgreensdeugenie.fr\/wp-content\/uploads\/2022\/05\/logo-bricomarche-aire-300x91.png 300w\" sizes=\"auto, (max-width: 384px) 100vw, 384px\" \/><\/a><\/figure><div class=\"wp-block-media-text__content\">\n<p class=\"has-medium-font-size\">Soci\u00e9t\u00e9 Brico March\u00e9 \u00e0 AIRE SUR ADOUR,<\/p>\n\n\n\n<p class=\"has-medium-font-size\"><strong>Sponsor, Scramble du 30 mai<\/strong><\/p>\n<\/div><\/div>\n\n\n\n<p class=\"has-text-align-center\">_____________________________________________________________<\/p>\n\n\n\n<div class=\"wp-block-media-text alignwide is-stacked-on-mobile\" style=\"grid-template-columns:27% auto\"><figure class=\"wp-block-media-text__media\"><a href=\"https:\/\/agences.banquepopulaire.fr\/banque-assurance\/agence-aire-sur-l-adour-id1090700010\" target=\"_blank\" rel=\"noopener\"><img loading=\"lazy\" decoding=\"async\" width=\"472\" height=\"114\" src=\"https:\/\/asdesgreensdeugenie.fr\/wp-content\/uploads\/2022\/05\/logo-banque-populaire-aire.png\" alt=\"\" class=\"wp-image-1600 size-full\" srcset=\"https:\/\/asdesgreensdeugenie.fr\/wp-content\/uploads\/2022\/05\/logo-banque-populaire-aire.png 472w, https:\/\/asdesgreensdeugenie.fr\/wp-content\/uploads\/2022\/05\/logo-banque-populaire-aire-300x72.png 300w\" sizes=\"auto, (max-width: 472px) 100vw, 472px\" \/><\/a><\/figure><div class=\"wp-block-media-text__content\">\n<p class=\"has-medium-font-size\">Banque Populaire \u00e0 Aire sur Adour,<\/p>\n\n\n\n<p class=\"has-normal-font-size\"><strong>Sponsor, Stableford du 06 juin<\/strong><\/p>\n\n\n\n<p style=\"font-size:1px\">Sponsor, Scramble du 6 juin<\/p>\n<\/div><\/div>\n\n\n\n<p class=\"has-text-align-center\">_____________________________________________________________<\/p>\n\n\n\n<div class=\"wp-block-media-text alignwide is-stacked-on-mobile\" style=\"grid-template-columns:25% auto\"><figure class=\"wp-block-media-text__media\"><a href=\"https:\/\/www.compagnie-fiduciaire.com\/nos-implantations\/aire-sur-ladour\/\" target=\"_blank\" rel=\"noopener\"><img loading=\"lazy\" decoding=\"async\" width=\"832\" height=\"130\" src=\"https:\/\/asdesgreensdeugenie.fr\/wp-content\/uploads\/2022\/05\/logo-compagnie-ficuciaire.png\" alt=\"\" class=\"wp-image-1601 size-full\" srcset=\"https:\/\/asdesgreensdeugenie.fr\/wp-content\/uploads\/2022\/05\/logo-compagnie-ficuciaire.png 832w, https:\/\/asdesgreensdeugenie.fr\/wp-content\/uploads\/2022\/05\/logo-compagnie-ficuciaire-300x47.png 300w, https:\/\/asdesgreensdeugenie.fr\/wp-content\/uploads\/2022\/05\/logo-compagnie-ficuciaire-768x120.png 768w\" sizes=\"auto, (max-width: 832px) 100vw, 832px\" \/><\/a><\/figure><div class=\"wp-block-media-text__content\">\n<p class=\"has-medium-font-size\">Compagnie Fiduciaire Madiran, Experts Comptables, Aire sur Adour<\/p>\n\n\n\n<p><strong>Sponsor, Stableford du 06 juin<\/strong><\/p>\n<\/div><\/div>\n\n\n\n<p class=\"has-text-align-center\">_____________________________________________________________<\/p>\n\n\n\n<div class=\"wp-block-media-text alignwide is-stacked-on-mobile\" style=\"grid-template-columns:24% auto\"><figure class=\"wp-block-media-text__media\"><a href=\"https:\/\/www.labat-energie.fr\" target=\"_blank\" rel=\"noopener\"><img loading=\"lazy\" decoding=\"async\" width=\"1024\" height=\"276\" src=\"https:\/\/asdesgreensdeugenie.fr\/wp-content\/uploads\/2022\/05\/logo-labat-1024x276.png\" alt=\"\" class=\"wp-image-1602 size-full\" srcset=\"https:\/\/asdesgreensdeugenie.fr\/wp-content\/uploads\/2022\/05\/logo-labat-1024x276.png 1024w, https:\/\/asdesgreensdeugenie.fr\/wp-content\/uploads\/2022\/05\/logo-labat-300x81.png 300w, https:\/\/asdesgreensdeugenie.fr\/wp-content\/uploads\/2022\/05\/logo-labat-768x207.png 768w, https:\/\/asdesgreensdeugenie.fr\/wp-content\/uploads\/2022\/05\/logo-labat.png 1152w\" sizes=\"auto, (max-width: 1024px) 100vw, 1024px\" \/><\/a><\/figure><div class=\"wp-block-media-text__content\">\n<p class=\"has-medium-font-size\">Groupe Labat, Assainissement, \u00e0 Aire sur Adour,<\/p>\n\n\n\n<p><strong>Sponsor, Stableford 13 juin<\/strong><\/p>\n<\/div><\/div>\n\n\n\n<p class=\"has-text-align-center\">_____________________________________________________________<\/p>\n\n\n\n<div class=\"wp-block-media-text alignwide is-stacked-on-mobile\" style=\"grid-template-columns:24% auto\"><figure class=\"wp-block-media-text__media\"><a href=\"https:\/\/www.caveloubarricot.fr\" target=\"_blank\" rel=\"noopener\"><img loading=\"lazy\" decoding=\"async\" width=\"394\" height=\"426\" src=\"https:\/\/asdesgreensdeugenie.fr\/wp-content\/uploads\/2022\/05\/logo-cave-du-barricot.png\" alt=\"\" class=\"wp-image-1615 size-full\" srcset=\"https:\/\/asdesgreensdeugenie.fr\/wp-content\/uploads\/2022\/05\/logo-cave-du-barricot.png 394w, https:\/\/asdesgreensdeugenie.fr\/wp-content\/uploads\/2022\/05\/logo-cave-du-barricot-277x300.png 277w\" sizes=\"auto, (max-width: 394px) 100vw, 394px\" \/><\/a><\/figure><div class=\"wp-block-media-text__content\">\n<p class=\"has-medium-font-size\">Cave Lou Barricot, \u00e0 Aire sur Adour,<\/p>\n\n\n\n<p><strong>Sponsor, Stableford 13 Juin<\/strong><\/p>\n<\/div><\/div>\n\n\n\n<p class=\"has-text-align-center\">_____________________________________________________________<\/p>\n\n\n\n<div class=\"wp-block-media-text alignwide is-stacked-on-mobile\" style=\"grid-template-columns:30% auto\"><figure class=\"wp-block-media-text__media\"><a href=\"https:\/\/www.toyota.fr\/reseau\/concession-makila-auto-mont-de-marsan\" target=\"_blank\" rel=\"noopener\"><img loading=\"lazy\" decoding=\"async\" width=\"286\" height=\"134\" src=\"https:\/\/asdesgreensdeugenie.fr\/wp-content\/uploads\/2022\/05\/logo-toyota.png\" alt=\"\" class=\"wp-image-1604 size-full\"\/><\/a><\/figure><div class=\"wp-block-media-text__content\">\n<p class=\"has-medium-font-size\">Malika Auto, Toyota Mont de Marsan,<\/p>\n\n\n\n<p><strong>Sponsor, Scramble 20 juin<\/strong><\/p>\n<\/div><\/div>\n\n\n\n<p class=\"has-text-align-center\">_____________________________________________________________<\/p>\n\n\n\n<div class=\"wp-block-media-text alignwide is-stacked-on-mobile\" style=\"grid-template-columns:29% auto\"><figure class=\"wp-block-media-text__media\"><a href=\"http:\/\/la-maison-bop.fr\" target=\"_blank\" rel=\"noopener\"><img loading=\"lazy\" decoding=\"async\" width=\"1024\" height=\"629\" src=\"https:\/\/asdesgreensdeugenie.fr\/wp-content\/uploads\/2022\/05\/logo-bop-1024x629.png\" alt=\"\" class=\"wp-image-1609 size-full\" srcset=\"https:\/\/asdesgreensdeugenie.fr\/wp-content\/uploads\/2022\/05\/logo-bop-1024x629.png 1024w, https:\/\/asdesgreensdeugenie.fr\/wp-content\/uploads\/2022\/05\/logo-bop-300x184.png 300w, https:\/\/asdesgreensdeugenie.fr\/wp-content\/uploads\/2022\/05\/logo-bop-768x472.png 768w, https:\/\/asdesgreensdeugenie.fr\/wp-content\/uploads\/2022\/05\/logo-bop.png 1084w\" sizes=\"auto, (max-width: 1024px) 100vw, 1024px\" \/><\/a><\/figure><div class=\"wp-block-media-text__content\">\n<p class=\"has-medium-font-size\">Maison Bop, Boucherie &amp; Charcuterie, \u00e0 Aire sur Adour,<\/p>\n\n\n\n<p><strong>Sponsor, Stabelford 26 Juin<\/strong><\/p>\n<\/div><\/div>\n\n\n\n<p class=\"has-text-align-center\">_____________________________________________________________<\/p>\n\n\n\n<div class=\"wp-block-media-text alignwide is-stacked-on-mobile\" style=\"grid-template-columns:30% auto\"><figure class=\"wp-block-media-text__media\"><a href=\"https:\/\/www.credit-agricole.fr\/particulier\/agence\/aquitaine\/aire-sur-adour-2057.html\" target=\"_blank\" rel=\"noopener\"><img loading=\"lazy\" decoding=\"async\" width=\"218\" height=\"126\" src=\"https:\/\/asdesgreensdeugenie.fr\/wp-content\/uploads\/2022\/05\/logo-credit-agricole.png\" alt=\"\" class=\"wp-image-1610 size-full\"\/><\/a><\/figure><div class=\"wp-block-media-text__content\">\n<p class=\"has-medium-font-size\">Agence Bancaire de Aire sur Adour,<\/p>\n\n\n\n<p><strong>Sponsor, Stableford 26 Juin<\/strong><\/p>\n<\/div><\/div>\n\n\n\n<p class=\"has-text-align-center\">_____________________________________________________________<\/p>\n\n\n\n<div class=\"wp-block-media-text alignwide is-stacked-on-mobile\" style=\"grid-template-columns:29% auto\"><figure class=\"wp-block-media-text__media\"><a href=\"https:\/\/lespresdeugenie.com\" target=\"_blank\" rel=\"noopener\"><img loading=\"lazy\" decoding=\"async\" width=\"588\" height=\"138\" src=\"https:\/\/asdesgreensdeugenie.fr\/wp-content\/uploads\/2022\/05\/logo-les-pres-d-eugenie.png\" alt=\"\" class=\"wp-image-1605 size-full\" srcset=\"https:\/\/asdesgreensdeugenie.fr\/wp-content\/uploads\/2022\/05\/logo-les-pres-d-eugenie.png 588w, https:\/\/asdesgreensdeugenie.fr\/wp-content\/uploads\/2022\/05\/logo-les-pres-d-eugenie-300x70.png 300w\" sizes=\"auto, (max-width: 588px) 100vw, 588px\" \/><\/a><\/figure><div class=\"wp-block-media-text__content\">\n<p class=\"has-medium-font-size\">Relai ch\u00e2teau, Michel Gu\u00e9rard, Eug\u00e9nie les Bains,<\/p>\n\n\n\n<p><strong>Sponsor, Stableford 4 juillet<\/strong><\/p>\n<\/div><\/div>\n\n\n\n<p class=\"has-text-align-center\">_____________________________________________________________<\/p>\n\n\n\n<div class=\"wp-block-media-text alignwide is-stacked-on-mobile\" style=\"grid-template-columns:29% auto\"><figure class=\"wp-block-media-text__media\"><a href=\"http:\/\/castaing-aluminium.fr\" target=\"_blank\" rel=\"noopener\"><img loading=\"lazy\" decoding=\"async\" width=\"960\" height=\"418\" src=\"https:\/\/asdesgreensdeugenie.fr\/wp-content\/uploads\/2022\/05\/logo-castaing.png\" alt=\"\" class=\"wp-image-1606 size-full\" srcset=\"https:\/\/asdesgreensdeugenie.fr\/wp-content\/uploads\/2022\/05\/logo-castaing.png 960w, https:\/\/asdesgreensdeugenie.fr\/wp-content\/uploads\/2022\/05\/logo-castaing-300x131.png 300w, https:\/\/asdesgreensdeugenie.fr\/wp-content\/uploads\/2022\/05\/logo-castaing-768x334.png 768w\" sizes=\"auto, (max-width: 960px) 100vw, 960px\" \/><\/a><\/figure><div class=\"wp-block-media-text__content\">\n<p class=\"has-medium-font-size\">Soci\u00e9t\u00e9 Castaing, Aire sur Adour,<\/p>\n\n\n\n<p><strong>Sponsor, Scramble 18 juillet<\/strong><\/p>\n<\/div><\/div>\n\n\n\n<p class=\"has-text-align-center\">_____________________________________________________________<\/p>\n\n\n\n<div class=\"wp-block-media-text alignwide is-stacked-on-mobile\" style=\"grid-template-columns:29% auto\"><figure class=\"wp-block-media-text__media\"><a href=\"https:\/\/www.sport2000.fr\" target=\"_blank\" rel=\"noopener\"><img loading=\"lazy\" decoding=\"async\" width=\"294\" height=\"272\" src=\"https:\/\/asdesgreensdeugenie.fr\/wp-content\/uploads\/2022\/05\/Logo-Sport-2000.png\" alt=\"\" class=\"wp-image-1607 size-full\"\/><\/a><\/figure><div class=\"wp-block-media-text__content\">\n<p class=\"has-medium-font-size\">Magasin Sport 2000, mode et accessoire, \u00e0 Aire sur Adour<\/p>\n\n\n\n<p><strong>Sponsor, Stableford 25 juillet<\/strong><\/p>\n<\/div><\/div>\n\n\n\n<p class=\"has-text-align-center\">_____________________________________________________________<\/p>\n\n\n\n<div class=\"wp-block-media-text alignwide is-stacked-on-mobile\" style=\"grid-template-columns:30% auto\"><figure class=\"wp-block-media-text__media\"><a href=\"https:\/\/agence.axa.fr\/aquitaine\/landes\/aire-sur-l-adour\/sentuc-lamaison\" target=\"_blank\" rel=\"noopener\"><img loading=\"lazy\" decoding=\"async\" width=\"132\" height=\"139\" src=\"https:\/\/asdesgreensdeugenie.fr\/wp-content\/uploads\/2022\/05\/logo-AXA.png\" alt=\"\" class=\"wp-image-1608 size-full\"\/><\/a><\/figure><div class=\"wp-block-media-text__content\">\n<p class=\"has-medium-font-size\">Agence Banque et Assurance, <\/p>\n\n\n\n<p class=\"has-medium-font-size\"><strong>AXA  Sentuc \u00e0 Aire sur Adour<\/strong><\/p>\n\n\n\n<p class=\"has-medium-font-size\"><strong>AXA Lamaison \u00e0 Grenade<\/strong><\/p>\n\n\n\n<p><strong>Sponsor, Stableford 8 Ao\u00fbt <\/strong><\/p>\n<\/div><\/div>\n\n\n\n<p class=\"has-text-align-center\">_____________________________________________________________<\/p>\n\n\n\n<div class=\"wp-block-media-text alignwide is-stacked-on-mobile\" style=\"grid-template-columns:31% auto\"><figure class=\"wp-block-media-text__media\"><a href=\"https:\/\/lemonasteredesaintmont.com\" target=\"_blank\" rel=\"noopener\"><img loading=\"lazy\" decoding=\"async\" width=\"296\" height=\"194\" src=\"https:\/\/asdesgreensdeugenie.fr\/wp-content\/uploads\/2022\/05\/logo-monastere-stmont.png\" alt=\"\" class=\"wp-image-1612 size-full\"\/><\/a><\/figure><div class=\"wp-block-media-text__content\">\n<p class=\"has-medium-font-size\">Le Monast\u00e8re de Saint-Mont, Boutique H\u00f4tel et Spa, \u00e0 Saint-Mont,<\/p>\n\n\n\n<p><strong>Sponsor, Stableford 12 Septembre<\/strong><\/p>\n<\/div><\/div>\n\n\n\n<p class=\"has-text-align-center\">_____________________________________________________________<\/p>\n\n\n\n<div class=\"wp-block-media-text alignwide is-stacked-on-mobile\" style=\"grid-template-columns:32% auto\"><figure class=\"wp-block-media-text__media\"><a href=\"https:\/\/www.enclosdumellet.fr\/contacter-enclos-du-mellet\/\" target=\"_blank\" rel=\"noopener\"><img loading=\"lazy\" decoding=\"async\" width=\"1024\" height=\"580\" src=\"https:\/\/asdesgreensdeugenie.fr\/wp-content\/uploads\/2022\/05\/logo-enclos-du-mellet-1024x580.png\" alt=\"\" class=\"wp-image-1613 size-full\" srcset=\"https:\/\/asdesgreensdeugenie.fr\/wp-content\/uploads\/2022\/05\/logo-enclos-du-mellet-1024x580.png 1024w, https:\/\/asdesgreensdeugenie.fr\/wp-content\/uploads\/2022\/05\/logo-enclos-du-mellet-300x170.png 300w, https:\/\/asdesgreensdeugenie.fr\/wp-content\/uploads\/2022\/05\/logo-enclos-du-mellet-768x435.png 768w, https:\/\/asdesgreensdeugenie.fr\/wp-content\/uploads\/2022\/05\/logo-enclos-du-mellet.png 1302w\" sizes=\"auto, (max-width: 1024px) 100vw, 1024px\" \/><\/a><\/figure><div class=\"wp-block-media-text__content\">\n<p class=\"has-medium-font-size\">Traiteur Ev\u00e9nementiel, Conserverie, \u00e0 Renung, <\/p>\n\n\n\n<p><strong>Sponsor, comp\u00e9tition du 26 Septembre<\/strong><\/p>\n<\/div><\/div>\n\n\n\n<p class=\"has-text-align-center\">_____________________________________________________________<\/p>\n\n\n\n<div class=\"wp-block-media-text alignwide is-stacked-on-mobile\" style=\"grid-template-columns:32% auto\"><figure class=\"wp-block-media-text__media\"><a href=\"http:\/\/www.medicadour.fr\" target=\"_blank\" rel=\"noopener\"><img loading=\"lazy\" decoding=\"async\" width=\"598\" height=\"394\" src=\"https:\/\/asdesgreensdeugenie.fr\/wp-content\/uploads\/2022\/05\/logo-medicadour.png\" alt=\"\" class=\"wp-image-1611 size-full\" srcset=\"https:\/\/asdesgreensdeugenie.fr\/wp-content\/uploads\/2022\/05\/logo-medicadour.png 598w, https:\/\/asdesgreensdeugenie.fr\/wp-content\/uploads\/2022\/05\/logo-medicadour-300x198.png 300w\" sizes=\"auto, (max-width: 598px) 100vw, 598px\" \/><\/a><\/figure><div class=\"wp-block-media-text__content\">\n<p class=\"has-medium-font-size\">Soci\u00e9t\u00e9 M\u00e9dic-Adour, \u00e0 Aire sur Adour,<\/p>\n\n\n\n<p><strong>Sponsor, Scramble <\/strong>1er Octobre<\/p>\n<\/div><\/div>\n\n\n\n<p class=\"has-text-align-center\">_____________________________________________________________<\/p>\n\n\n\n<div class=\"wp-block-media-text alignwide is-stacked-on-mobile\" style=\"grid-template-columns:31% auto\"><figure class=\"wp-block-media-text__media\"><a href=\"https:\/\/www.tursan.fr\/fr\/\" target=\"_blank\" rel=\"noopener\"><img loading=\"lazy\" decoding=\"async\" width=\"522\" height=\"260\" src=\"https:\/\/asdesgreensdeugenie.fr\/wp-content\/uploads\/2022\/05\/logo-tursan-cave.png\" alt=\"\" class=\"wp-image-1614 size-full\" srcset=\"https:\/\/asdesgreensdeugenie.fr\/wp-content\/uploads\/2022\/05\/logo-tursan-cave.png 522w, https:\/\/asdesgreensdeugenie.fr\/wp-content\/uploads\/2022\/05\/logo-tursan-cave-300x149.png 300w\" sizes=\"auto, (max-width: 522px) 100vw, 522px\" \/><\/a><\/figure><div class=\"wp-block-media-text__content\">\n<p class=\"has-medium-font-size\">Cave du Tursan, \u00e0 Geaune,<\/p>\n\n\n\n<p><strong>Sponsor, Stableford 24 Octobre<\/strong><\/p>\n<\/div><\/div>\n\n\n\n<p class=\"has-text-align-center\">_____________________________________________________________<\/p>\n","protected":false},"excerpt":{"rendered":"<p>Mairie de Bahus Soubiran _____________________________________________________________ D\u00e9partement des Landes _____________________________________________________________ Soci\u00e9t\u00e9 P\u00e9llarini \u00e0 AIRE SUR ADOUR, Sponsor , Scramble du 30 mai _____________________________________________________________ Soci\u00e9t\u00e9 EGCA \u00e0 AIRE SUR ADOUR, Sponsor , Scramble du 30 mai _____________________________________________________________ Soci\u00e9t\u00e9 Brico March\u00e9 \u00e0 AIRE SUR ADOUR, Sponsor, Scramble du 30 mai _____________________________________________________________ Banque Populaire [&hellip;]<\/p>\n","protected":false},"author":3,"featured_media":2132,"parent":0,"menu_order":0,"comment_status":"closed","ping_status":"closed","template":"","meta":{"footnotes":""},"class_list":["post-358","page","type-page","status-publish","has-post-thumbnail","hentry"],"_links":{"self":[{"href":"https:\/\/asdesgreensdeugenie.fr\/index.php\/wp-json\/wp\/v2\/pages\/358","targetHints":{"allow":["GET"]}}],"collection":[{"href":"https:\/\/asdesgreensdeugenie.fr\/index.php\/wp-json\/wp\/v2\/pages"}],"about":[{"href":"https:\/\/asdesgreensdeugenie.fr\/index.php\/wp-json\/wp\/v2\/types\/page"}],"author":[{"embeddable":true,"href":"https:\/\/asdesgreensdeugenie.fr\/index.php\/wp-json\/wp\/v2\/users\/3"}],"replies":[{"embeddable":true,"href":"https:\/\/asdesgreensdeugenie.fr\/index.php\/wp-json\/wp\/v2\/comments?post=358"}],"version-history":[{"count":3,"href":"https:\/\/asdesgreensdeugenie.fr\/index.php\/wp-json\/wp\/v2\/pages\/358\/revisions"}],"predecessor-version":[{"id":1806,"href":"https:\/\/asdesgreensdeugenie.fr\/index.php\/wp-json\/wp\/v2\/pages\/358\/revisions\/1806"}],"wp:featuredmedia":[{"embeddable":true,"href":"https:\/\/asdesgreensdeugenie.fr\/index.php\/wp-json\/wp\/v2\/media\/2132"}],"wp:attachment":[{"href":"https:\/\/asdesgreensdeugenie.fr\/index.php\/wp-json\/wp\/v2\/media?parent=358"}],"curies":[{"name":"wp","href":"https:\/\/api.w.org\/{rel}","templated":true}]}}